{"id":2202,"date":"2024-01-05T11:36:41","date_gmt":"2024-01-05T11:36:41","guid":{"rendered":"https:\/\/cpka.pt\/bajattmontesalentejanos\/?page_id=2202"},"modified":"2026-02-20T16:48:56","modified_gmt":"2026-02-20T16:48:56","slug":"esc-online-baja-tt-montes-alentejanos","status":"publish","type":"page","link":"https:\/\/cpka.pt\/bajattmontesalentejanos\/","title":{"rendered":"ESC ONLINE | BAJA TT MONTES ALENTEJANOS"},"content":{"rendered":"<section class=\"section-gpdb6eae6 gutentor-post-module gutentor-post-module-p2 gutentor-post-1 alignwide gutentor-template-1 wp-block-gutentor-p2\" id=\"gpdb6eae6\" >\n<div class='grid-container'><div class='grid-row'><div class='grid-12'><article class='gutentor-post gtf-item-wrap gutentor-post-item-0 gtf-item-0  text-align-center-desktop'><div class='gutentor-post-item gtf-item'><div class='gutentor-bg-image gtf-bg-image gutentor-post-height gtf-item-height  g-pos-bottom-cont-m g-pos-bottom-cont-t g-pos-bottom-cont-d' style=\"background-image:url(https:\/\/cpka.pt\/bajattmontesalentejanos\/wp-content\/uploads\/sites\/3\/2026\/03\/Joao-Ferreira-1o-T1.jpg)\"><div class=\"gutentor-post-content gtf-content\"><h3 class=\"gutentor-post-title\"><a href=\"https:\/\/cpka.pt\/bajattmontesalentejanos\/2026\/03\/01\/joao-ferreira-em-toyota-t1-com-vitoria-categorica-na-esc-online-baja-montes-alentejanos-2026\/\" rel=\"bookmark\">Jo\u00e3o Ferreira em Toyota T1+ com vit\u00f3ria categ\u00f3rica na ESC Online | Baja Montes Alentejanos 2026<\/a><\/h3><div class=\"gutentor-entry-meta gutentor-entry-meta-secondary\"><div class=\"posted-on\"><i class=\"far fa-calendar-alt\"><\/i><a href=\"https:\/\/cpka.pt\/bajattmontesalentejanos\/2026\/03\/01\/joao-ferreira-em-toyota-t1-com-vitoria-categorica-na-esc-online-baja-montes-alentejanos-2026\/\" rel=\"bookmark\">1 de Mar\u00e7o, 2026<\/a><\/div><div class=\"gutentor-meta-categories\"><i class=\"fas fa-tags\"><\/i><a href=\"https:\/\/cpka.pt\/bajattmontesalentejanos\/category\/news\/\" rel=\"category tag\">Not\u00edcias<\/a><\/div><\/div><\/div><\/div><\/div><\/article><\/div><\/div><\/div><\/section>\n\n<section class=\"gutentor-post-module section-fcaffa5f-7f1b-431f-b749-025d7cb6dafd gutentor-post-module-p1 gutentor_p1_template1 wp-block-gutentor-p1 g-equal-height gutentor-blog-grid\" id=\"fcaffa5f-7f1b-431f-b749-025d7cb6dafd\" data-gbid=\"fcaffa5f-7f1b-431f-b749-025d7cb6dafd\" >\n<div class='grid-container'><div class='grid-row' ><article class='gutentor-post  grid-md-4 grid-sm-4 grid-xs-12'><div class='gutentor-post-item'><div class='gutentor-post-image-box'><div class=\"gutentor-image-thumb\"><img loading=\"lazy\" decoding=\"async\" width=\"2048\" height=\"1365\" src=\"https:\/\/cpka.pt\/bajattmontesalentejanos\/wp-content\/uploads\/sites\/3\/2026\/03\/Tiago-Guerreiro-1o.jpg\" class=\"attachment-full size-full wp-post-image\" alt=\"\" srcset=\"https:\/\/cpka.pt\/bajattmontesalentejanos\/wp-content\/uploads\/sites\/3\/2026\/03\/Tiago-Guerreiro-1o.jpg 2048w, https:\/\/cpka.pt\/bajattmontesalentejanos\/wp-content\/uploads\/sites\/3\/2026\/03\/Tiago-Guerreiro-1o-300x200.jpg 300w, https:\/\/cpka.pt\/bajattmontesalentejanos\/wp-content\/uploads\/sites\/3\/2026\/03\/Tiago-Guerreiro-1o-1024x683.jpg 1024w, https:\/\/cpka.pt\/bajattmontesalentejanos\/wp-content\/uploads\/sites\/3\/2026\/03\/Tiago-Guerreiro-1o-768x512.jpg 768w, https:\/\/cpka.pt\/bajattmontesalentejanos\/wp-content\/uploads\/sites\/3\/2026\/03\/Tiago-Guerreiro-1o-1536x1024.jpg 1536w\" sizes=\"auto, (max-width: 2048px) 100vw, 2048px\" \/><\/div><\/div><h3 class=\"gutentor-post-title\"><a href=\"https:\/\/cpka.pt\/bajattmontesalentejanos\/2026\/03\/01\/tiago-guerreiro-carlos-paulino-em-polaris-nos-ssv-vencem-esc-online-baja-montes-alentejanos-por-4s\/\" rel=\"bookmark\">Tiago Guerreiro\/Carlos Paulino em Polaris nos SSV vencem ESC Online Baja Montes Alentejanos por 4s<\/a><\/h3><div class=\"gutentor-entry-meta gutentor-entry-meta-primary\"><div class=\"posted-on\"><i class=\"far fa-calendar-alt\"><\/i><a href=\"https:\/\/cpka.pt\/bajattmontesalentejanos\/2026\/03\/01\/tiago-guerreiro-carlos-paulino-em-polaris-nos-ssv-vencem-esc-online-baja-montes-alentejanos-por-4s\/\" rel=\"bookmark\">1 de Mar\u00e7o, 2026<\/a><\/div><\/div><div class=\"gutentor-button-wrap\"><\/div><\/div><\/article><article class='gutentor-post  grid-md-4 grid-sm-4 grid-xs-12'><div class='gutentor-post-item'><div class='gutentor-post-image-box'><div class=\"gutentor-image-thumb\"><img loading=\"lazy\" decoding=\"async\" width=\"1190\" height=\"757\" src=\"https:\/\/cpka.pt\/bajattmontesalentejanos\/wp-content\/uploads\/sites\/3\/2026\/03\/Ricardo-Caetano.jpg\" class=\"attachment-full size-full wp-post-image\" alt=\"\" srcset=\"https:\/\/cpka.pt\/bajattmontesalentejanos\/wp-content\/uploads\/sites\/3\/2026\/03\/Ricardo-Caetano.jpg 1190w, https:\/\/cpka.pt\/bajattmontesalentejanos\/wp-content\/uploads\/sites\/3\/2026\/03\/Ricardo-Caetano-300x191.jpg 300w, https:\/\/cpka.pt\/bajattmontesalentejanos\/wp-content\/uploads\/sites\/3\/2026\/03\/Ricardo-Caetano-1024x651.jpg 1024w, https:\/\/cpka.pt\/bajattmontesalentejanos\/wp-content\/uploads\/sites\/3\/2026\/03\/Ricardo-Caetano-768x489.jpg 768w\" sizes=\"auto, (max-width: 1190px) 100vw, 1190px\" \/><\/div><\/div><h3 class=\"gutentor-post-title\"><a href=\"https:\/\/cpka.pt\/bajattmontesalentejanos\/2026\/03\/01\/bruno-santos-em-husqvarna-nas-motos-e-ricardo-caetano-em-suzuki-vencem-esc-online-baja-montes-alentejanos\/\" rel=\"bookmark\">Bruno Santos em Husqvarna nas motos e Ricardo Caetano em Suzuki vencem ESC Online Baja Montes Alentejanos<\/a><\/h3><div class=\"gutentor-entry-meta gutentor-entry-meta-primary\"><div class=\"posted-on\"><i class=\"far fa-calendar-alt\"><\/i><a href=\"https:\/\/cpka.pt\/bajattmontesalentejanos\/2026\/03\/01\/bruno-santos-em-husqvarna-nas-motos-e-ricardo-caetano-em-suzuki-vencem-esc-online-baja-montes-alentejanos\/\" rel=\"bookmark\">1 de Mar\u00e7o, 2026<\/a><\/div><\/div><div class=\"gutentor-button-wrap\"><\/div><\/div><\/article><article class='gutentor-post  grid-md-4 grid-sm-4 grid-xs-12'><div class='gutentor-post-item'><div class='gutentor-post-image-box'><div class=\"gutentor-image-thumb\"><img loading=\"lazy\" decoding=\"async\" width=\"2560\" height=\"1703\" src=\"https:\/\/cpka.pt\/bajattmontesalentejanos\/wp-content\/uploads\/sites\/3\/2026\/03\/Joao-Ferreira-1-scaled.jpg\" class=\"attachment-full size-full wp-post-image\" alt=\"\" srcset=\"https:\/\/cpka.pt\/bajattmontesalentejanos\/wp-content\/uploads\/sites\/3\/2026\/03\/Joao-Ferreira-1-scaled.jpg 2560w, https:\/\/cpka.pt\/bajattmontesalentejanos\/wp-content\/uploads\/sites\/3\/2026\/03\/Joao-Ferreira-1-300x200.jpg 300w, https:\/\/cpka.pt\/bajattmontesalentejanos\/wp-content\/uploads\/sites\/3\/2026\/03\/Joao-Ferreira-1-1024x681.jpg 1024w, https:\/\/cpka.pt\/bajattmontesalentejanos\/wp-content\/uploads\/sites\/3\/2026\/03\/Joao-Ferreira-1-768x511.jpg 768w, https:\/\/cpka.pt\/bajattmontesalentejanos\/wp-content\/uploads\/sites\/3\/2026\/03\/Joao-Ferreira-1-1536x1022.jpg 1536w, https:\/\/cpka.pt\/bajattmontesalentejanos\/wp-content\/uploads\/sites\/3\/2026\/03\/Joao-Ferreira-1-2048x1363.jpg 2048w\" sizes=\"auto, (max-width: 2560px) 100vw, 2560px\" \/><\/div><\/div><h3 class=\"gutentor-post-title\"><a href=\"https:\/\/cpka.pt\/bajattmontesalentejanos\/2026\/02\/28\/joao-ferreira-em-toyota-t1-foi-o-mais-rapido-no-ss1-da-esc-online-baja-montes-alentejanos-2026\/\" rel=\"bookmark\">Jo\u00e3o Ferreira em Toyota T1+ foi o mais r\u00e1pido no SS1 da ESC Online | Baja Montes Alentejanos 2026<\/a><\/h3><div class=\"gutentor-entry-meta gutentor-entry-meta-primary\"><div class=\"posted-on\"><i class=\"far fa-calendar-alt\"><\/i><a href=\"https:\/\/cpka.pt\/bajattmontesalentejanos\/2026\/02\/28\/joao-ferreira-em-toyota-t1-foi-o-mais-rapido-no-ss1-da-esc-online-baja-montes-alentejanos-2026\/\" rel=\"bookmark\">28 de Fevereiro, 2026<\/a><\/div><\/div><div class=\"gutentor-button-wrap\"><\/div><\/div><\/article><\/div><\/div><\/section>\n\n\n<div id=\"rise-blocks-undefined-0-dee06c8b-3b55-43c1-a511-6b04dcec92f7\" class=\"wp-block-rise-blocks-social-icons\"><div class=\"rise-blocks-social-align-center\">\n<div id=\"rise-blocks-social-icon-instance-0-6274fd02-6631-41c0-9822-cd2e50725fe1\" class=\"wp-block-rise-blocks-social-icon\"><div class=\"rise-blocks-social-icon-wrapper\"><a href=\"https:\/\/www.facebook.com\/bajattmontesalentejanos\" rel=\"noopener noreferrer\" target=\"_blank\"><i class=\"fa fa-facebook\"><\/i><\/a><\/div><\/div>\n\n\n\n<div id=\"rise-blocks-social-icon-instance-1-51b559a9-b7fc-4501-92e6-629187bbda46\" class=\"wp-block-rise-blocks-social-icon\"><div class=\"rise-blocks-social-icon-wrapper\"><a href=\"https:\/\/www.instagram.com\/bajatt_montesalentejanos\" rel=\"noopener noreferrer\" target=\"_blank\"><i class=\"fa fa-instagram\"><\/i><\/a><\/div><\/div>\n\n\n\n<div id=\"rise-blocks-social-icon-instance-2-cb64a0ca-c56f-4b99-98b7-3ab9c73da3ed\" class=\"wp-block-rise-blocks-social-icon\"><div class=\"rise-blocks-social-icon-wrapper\"><a href=\"https:\/\/www.youtube.com\/@cpkadirecao816\/\" rel=\"noopener noreferrer\" target=\"_blank\"><i class=\"fa fa-youtube-play\"><\/i><\/a><\/div><\/div>\n<\/div><\/div>\n\n\n\n<div id=\"section-cc653be2-da8c-42b8-ae55-1a88a66b8af0\" class=\"wp-block-gutentor-gallery alignwide gutentor-section gutentor-gallery gutentor-gallery-wrapper enable-masonry gallery-template2\"><div class=\"grid-container gutentor-rm-ct-space\"><div class=\"grid-row gutentor-grid-item-wrap full-width-row gutentor-rm-row-space\"><div class=\"gutentor-gallery-item grid-lg-6 grid-md-6 grid-6 gutentor-rm-col-space\"><div class=\"gutentor-single-item gutentor-image gutentor-single-item-0 g-single-column-link-enabled\"><div class=\"gutentor-gallery-item-wrap\"><div class=\"gutentor-single-item-image-box\"><div class=\"gutentor-image-thumb\"><img loading=\"lazy\" decoding=\"async\" class=\"normal-image\" src=\"https:\/\/cpka.pt\/bajattmontesalentejanos\/wp-content\/uploads\/sites\/3\/2024\/01\/274233372_5243011152396004_5232635029715982276_n.png\" alt=\"\" height=\"400\" width=\"600\"\/><div class=\"overlay\"><\/div><\/div><\/div><div class=\"gutentor-single-item-content\"><div class=\"gutentor-gallery-item-header\"><h4 class=\"gutentor-single-item-title\"> AUTO e CAMI\u00d5ES<\/h4><a href=\"https:\/\/cpka.pt\/bajattmontesalentejanos\/wp-content\/uploads\/sites\/3\/2024\/01\/274233372_5243011152396004_5232635029715982276_n.png\" class=\"image-gallery\"><i class=\"gallery-icon fas fa-level-down-alt\"><\/i><\/a><\/div><div class=\"gutentor-gallery-item-desc\"><\/div><\/div><\/div><a class=\"gutentor-single-item-box-link gutentor-link\" href=\"https:\/\/cpka.pt\/bajattmontesalentejanos\/automoveis\/\"><\/a><\/div><\/div><div class=\"gutentor-gallery-item grid-lg-6 grid-md-6 grid-6 gutentor-rm-col-space\"><div class=\"gutentor-single-item gutentor-image gutentor-single-item-1 g-single-column-link-enabled\"><div class=\"gutentor-gallery-item-wrap\"><div class=\"gutentor-single-item-image-box\"><div class=\"gutentor-image-thumb\"><img loading=\"lazy\" decoding=\"async\" class=\"normal-image\" src=\"https:\/\/cpka.pt\/bajattmontesalentejanos\/wp-content\/uploads\/sites\/3\/2024\/01\/274301223_5245296978834088_1951637445080598736_n.png\" alt=\"\" height=\"400\" width=\"600\"\/><div class=\"overlay\"><\/div><\/div><\/div><div class=\"gutentor-single-item-content\"><div class=\"gutentor-gallery-item-header\"><h4 class=\"gutentor-single-item-title\"> MOTOS<\/h4><a href=\"https:\/\/cpka.pt\/bajattmontesalentejanos\/wp-content\/uploads\/sites\/3\/2024\/01\/274301223_5245296978834088_1951637445080598736_n.png\" class=\"image-gallery\"><i class=\"gallery-icon fas fa-level-down-alt\"><\/i><\/a><\/div><div class=\"gutentor-gallery-item-desc\"><\/div><\/div><\/div><a class=\"gutentor-single-item-box-link gutentor-link\" href=\"https:\/\/cpka.pt\/bajattmontesalentejanos\/moto-2\/\"><\/a><\/div><\/div><div class=\"gutentor-gallery-item grid-lg-6 grid-md-6 grid-6 gutentor-rm-col-space\"><div class=\"gutentor-single-item gutentor-image gutentor-single-item-2 g-single-column-link-enabled\"><div class=\"gutentor-gallery-item-wrap\"><div class=\"gutentor-single-item-image-box\"><div class=\"gutentor-image-thumb\"><img loading=\"lazy\" decoding=\"async\" class=\"normal-image\" src=\"https:\/\/cpka.pt\/bajattmontesalentejanos\/wp-content\/uploads\/sites\/3\/2024\/01\/274462806_5245138152183304_6740269941422918354_n.png\" alt=\"\" height=\"400\" width=\"600\"\/><div class=\"overlay\"><\/div><\/div><\/div><div class=\"gutentor-single-item-content\"><div class=\"gutentor-gallery-item-header\"><h4 class=\"gutentor-single-item-title\"><a href=\"http:\/\/www.rallydelisboa.pt\" data-type=\"link\" data-id=\"http:\/\/www.rallydelisboa.pt\">SSV<\/a><\/h4><a href=\"https:\/\/cpka.pt\/bajattmontesalentejanos\/wp-content\/uploads\/sites\/3\/2024\/01\/274462806_5245138152183304_6740269941422918354_n.png\" class=\"image-gallery\"><i class=\"gallery-icon fas fa-level-down-alt\"><\/i><\/a><\/div><div class=\"gutentor-gallery-item-desc\"><\/div><\/div><\/div><a class=\"gutentor-single-item-box-link gutentor-link\" href=\"https:\/\/cpka.pt\/bajattmontesalentejanos\/ssv-2\/\"><\/a><\/div><\/div><div class=\"gutentor-gallery-item grid-lg-6 grid-md-6 grid-6 gutentor-rm-col-space\"><div class=\"gutentor-single-item gutentor-image gutentor-single-item-3 g-single-column-link-enabled\"><div class=\"gutentor-gallery-item-wrap\"><div class=\"gutentor-single-item-image-box\"><div class=\"gutentor-image-thumb\"><img loading=\"lazy\" decoding=\"async\" class=\"normal-image\" src=\"https:\/\/cpka.pt\/bajattmontesalentejanos\/wp-content\/uploads\/sites\/3\/2024\/01\/274302653_5245276532169466_6670419602597658263_n.png\" alt=\"\" height=\"400\" width=\"600\"\/><div class=\"overlay\"><\/div><\/div><\/div><div class=\"gutentor-single-item-content\"><div class=\"gutentor-gallery-item-header\"><h4 class=\"gutentor-single-item-title\"> QUAD&#8217;s<\/h4><a href=\"https:\/\/cpka.pt\/bajattmontesalentejanos\/wp-content\/uploads\/sites\/3\/2024\/01\/274302653_5245276532169466_6670419602597658263_n.png\" class=\"image-gallery\"><i class=\"gallery-icon fas fa-level-down-alt\"><\/i><\/a><\/div><div class=\"gutentor-gallery-item-desc\"><\/div><\/div><\/div><a class=\"gutentor-single-item-box-link gutentor-link\" href=\"https:\/\/cpka.pt\/bajattmontesalentejanos\/quad-2\/\"><\/a><\/div><\/div><div class=\"gutentor-gallery-item grid-lg-6 grid-md-6 grid-6 gutentor-rm-col-space\"><div class=\"gutentor-single-item gutentor-image gutentor-single-item-4 g-single-column-link-enabled\"><div class=\"gutentor-gallery-item-wrap\"><div class=\"gutentor-single-item-image-box\"><div class=\"gutentor-image-thumb\"><img loading=\"lazy\" decoding=\"async\" class=\"normal-image\" src=\"https:\/\/cpka.pt\/bajattmontesalentejanos\/wp-content\/uploads\/sites\/3\/2024\/01\/resultados.png\" alt=\"\" height=\"400\" width=\"600\"\/><div class=\"overlay\"><\/div><\/div><\/div><div class=\"gutentor-single-item-content\"><div class=\"gutentor-gallery-item-header\"><h4 class=\"gutentor-single-item-title\"> RESULTADOS<\/h4><a href=\"https:\/\/cpka.pt\/bajattmontesalentejanos\/wp-content\/uploads\/sites\/3\/2024\/01\/resultados.png\" class=\"image-gallery\"><i class=\"gallery-icon fas fa-level-down-alt\"><\/i><\/a><\/div><div class=\"gutentor-gallery-item-desc\"><\/div><\/div><\/div><a class=\"gutentor-single-item-box-link gutentor-link\" href=\"https:\/\/cpka.pt\/bajattmontesalentejanos\/resultados\/\"><\/a><\/div><\/div><div class=\"gutentor-gallery-item grid-lg-6 grid-md-6 grid-6 gutentor-rm-col-space\"><div class=\"gutentor-single-item gutentor-image gutentor-single-item-5 g-single-column-link-enabled\"><div class=\"gutentor-gallery-item-wrap\"><div class=\"gutentor-single-item-image-box\"><div class=\"gutentor-image-thumb\"><img loading=\"lazy\" decoding=\"async\" class=\"normal-image\" src=\"https:\/\/cpka.pt\/bajattmontesalentejanos\/wp-content\/uploads\/sites\/3\/2024\/01\/274293733_5245133755517077_4138818829881869048_n.png\" alt=\"\" height=\"400\" width=\"600\"\/><div class=\"overlay\"><\/div><\/div><\/div><div class=\"gutentor-single-item-content\"><div class=\"gutentor-gallery-item-header\"><h4 class=\"gutentor-single-item-title\"> MAPAS E ITINER\u00c1RIO<\/h4><a href=\"https:\/\/cpka.pt\/bajattmontesalentejanos\/wp-content\/uploads\/sites\/3\/2024\/01\/274293733_5245133755517077_4138818829881869048_n.png\" class=\"image-gallery\"><i class=\"gallery-icon fas fa-level-down-alt\"><\/i><\/a><\/div><div class=\"gutentor-gallery-item-desc\"><\/div><\/div><\/div><a class=\"gutentor-single-item-box-link gutentor-link\" href=\"https:\/\/cpka.pt\/bajattmontesalentejanos\/horarios\/\"><\/a><\/div><\/div><div class=\"gutentor-gallery-item grid-lg-6 grid-md-6 grid-6 gutentor-rm-col-space\"><div class=\"gutentor-single-item gutentor-image gutentor-single-item-6 g-single-column-link-enabled\"><div class=\"gutentor-gallery-item-wrap\"><div class=\"gutentor-single-item-image-box\"><div class=\"gutentor-image-thumb\"><img loading=\"lazy\" decoding=\"async\" class=\"normal-image\" src=\"https:\/\/cpka.pt\/bajattmontesalentejanos\/wp-content\/uploads\/sites\/3\/2024\/01\/noticias.png\" alt=\"\" height=\"400\" width=\"600\"\/><div class=\"overlay\"><\/div><\/div><\/div><div class=\"gutentor-single-item-content\"><div class=\"gutentor-gallery-item-header\"><h4 class=\"gutentor-single-item-title\">NOT\u00cdCIAS<\/h4><a href=\"https:\/\/cpka.pt\/bajattmontesalentejanos\/wp-content\/uploads\/sites\/3\/2024\/01\/noticias.png\" class=\"image-gallery\"><i class=\"gallery-icon fas fa-level-down-alt\"><\/i><\/a><\/div><div class=\"gutentor-gallery-item-desc\"><\/div><\/div><\/div><a class=\"gutentor-single-item-box-link gutentor-link\" href=\"https:\/\/cpka.pt\/bajattmontesalentejanos\/noticias\/\"><\/a><\/div><\/div><div class=\"gutentor-gallery-item grid-lg-6 grid-md-6 grid-6 gutentor-rm-col-space\"><div class=\"gutentor-single-item gutentor-image gutentor-single-item-7 g-single-column-link-enabled\"><div class=\"gutentor-gallery-item-wrap\"><div class=\"gutentor-single-item-image-box\"><div class=\"gutentor-image-thumb\"><img loading=\"lazy\" decoding=\"async\" class=\"normal-image\" src=\"https:\/\/cpka.pt\/bajattmontesalentejanos\/wp-content\/uploads\/sites\/3\/2024\/01\/Multimedia.png\" alt=\"\" height=\"400\" width=\"600\"\/><div class=\"overlay\"><\/div><\/div><\/div><div class=\"gutentor-single-item-content\"><div class=\"gutentor-gallery-item-header\"><h4 class=\"gutentor-single-item-title\">MULTIM\u00c9DIA<\/h4><a href=\"https:\/\/cpka.pt\/bajattmontesalentejanos\/wp-content\/uploads\/sites\/3\/2024\/01\/Multimedia.png\" class=\"image-gallery\"><i class=\"gallery-icon fas fa-level-down-alt\"><\/i><\/a><\/div><div class=\"gutentor-gallery-item-desc\"><\/div><\/div><\/div><a class=\"gutentor-single-item-box-link gutentor-link\" href=\"https:\/\/cpka.pt\/bajattmontesalentejanos\/multimedia\/\"><\/a><\/div><\/div><\/div><\/div><\/div>\n\n\n\n<div style=\"height:43px\" aria-hidden=\"true\" class=\"wp-block-spacer\"><\/div>\n\n\n\n<h2 class=\"wp-block-heading has-text-align-center\" id=\"quadro\">Quadro oficial Evento FPAK:<\/h2>\n\n\n<div class=\"wp-block-image\">\n<figure class=\"aligncenter size-large\"><img loading=\"lazy\" decoding=\"async\" width=\"1024\" height=\"724\" src=\"https:\/\/cpka.pt\/bajattmontesalentejanos\/wp-content\/uploads\/sites\/3\/2026\/02\/596713210_1392021486055798_185967258972635023_n-1024x724.jpg\" alt=\"\" class=\"wp-image-3134\" srcset=\"https:\/\/cpka.pt\/bajattmontesalentejanos\/wp-content\/uploads\/sites\/3\/2026\/02\/596713210_1392021486055798_185967258972635023_n-1024x724.jpg 1024w, https:\/\/cpka.pt\/bajattmontesalentejanos\/wp-content\/uploads\/sites\/3\/2026\/02\/596713210_1392021486055798_185967258972635023_n-300x212.jpg 300w, https:\/\/cpka.pt\/bajattmontesalentejanos\/wp-content\/uploads\/sites\/3\/2026\/02\/596713210_1392021486055798_185967258972635023_n-768x543.jpg 768w, https:\/\/cpka.pt\/bajattmontesalentejanos\/wp-content\/uploads\/sites\/3\/2026\/02\/596713210_1392021486055798_185967258972635023_n-1536x1086.jpg 1536w, https:\/\/cpka.pt\/bajattmontesalentejanos\/wp-content\/uploads\/sites\/3\/2026\/02\/596713210_1392021486055798_185967258972635023_n.jpg 2048w\" sizes=\"auto, (max-width: 1024px) 100vw, 1024px\" \/><\/figure><\/div>\n\n\n<h2 class=\"wp-block-heading has-text-align-center\" id=\"quadro\">Quadro oficial Evento FMP:<\/h2>\n\n\n<div class=\"wp-block-image\">\n<figure class=\"aligncenter size-large\"><img loading=\"lazy\" decoding=\"async\" width=\"1024\" height=\"724\" src=\"https:\/\/cpka.pt\/bajattmontesalentejanos\/wp-content\/uploads\/sites\/3\/2026\/02\/595905464_1392020932722520_1696399711225464045_n-1024x724.jpg\" alt=\"\" class=\"wp-image-3135\" srcset=\"https:\/\/cpka.pt\/bajattmontesalentejanos\/wp-content\/uploads\/sites\/3\/2026\/02\/595905464_1392020932722520_1696399711225464045_n-1024x724.jpg 1024w, https:\/\/cpka.pt\/bajattmontesalentejanos\/wp-content\/uploads\/sites\/3\/2026\/02\/595905464_1392020932722520_1696399711225464045_n-300x212.jpg 300w, https:\/\/cpka.pt\/bajattmontesalentejanos\/wp-content\/uploads\/sites\/3\/2026\/02\/595905464_1392020932722520_1696399711225464045_n-768x543.jpg 768w, https:\/\/cpka.pt\/bajattmontesalentejanos\/wp-content\/uploads\/sites\/3\/2026\/02\/595905464_1392020932722520_1696399711225464045_n-1536x1086.jpg 1536w, https:\/\/cpka.pt\/bajattmontesalentejanos\/wp-content\/uploads\/sites\/3\/2026\/02\/595905464_1392020932722520_1696399711225464045_n.jpg 2048w\" sizes=\"auto, (max-width: 1024px) 100vw, 1024px\" \/><\/figure><\/div>\n\n<div class=\"wp-block-image\">\n<figure class=\"aligncenter size-large\"><img loading=\"lazy\" decoding=\"async\" width=\"1024\" height=\"140\" src=\"https:\/\/cpka.pt\/bajattmontesalentejanos\/wp-content\/uploads\/sites\/3\/2026\/02\/PUBS-2026-1024x140.png\" alt=\"\" class=\"wp-image-3138\" srcset=\"https:\/\/cpka.pt\/bajattmontesalentejanos\/wp-content\/uploads\/sites\/3\/2026\/02\/PUBS-2026-1024x140.png 1024w, https:\/\/cpka.pt\/bajattmontesalentejanos\/wp-content\/uploads\/sites\/3\/2026\/02\/PUBS-2026-300x41.png 300w, https:\/\/cpka.pt\/bajattmontesalentejanos\/wp-content\/uploads\/sites\/3\/2026\/02\/PUBS-2026-768x105.png 768w, https:\/\/cpka.pt\/bajattmontesalentejanos\/wp-content\/uploads\/sites\/3\/2026\/02\/PUBS-2026.png 1361w\" sizes=\"auto, (max-width: 1024px) 100vw, 1024px\" \/><\/figure><\/div>\n\n\n<div id=\"rise-blocks-undefined-1-756a9243-5340-4241-beed-301bb22d2d6f\" class=\"wp-block-rise-blocks-social-icons\"><div class=\"rise-blocks-social-align-center\">\n<div id=\"rise-blocks-social-icon-instance-3-e6354692-0efa-4951-9048-18249b21fffa\" class=\"wp-block-rise-blocks-social-icon\"><div class=\"rise-blocks-social-icon-wrapper\"><a href=\"https:\/\/www.facebook.com\/bajattmontesalentejanos\" rel=\"noopener noreferrer\" target=\"_blank\"><i class=\"fa fa-facebook\"><\/i><\/a><\/div><\/div>\n\n\n\n<div id=\"rise-blocks-social-icon-instance-4-9045e428-0213-4e94-8ce6-8a20f0198c7c\" class=\"wp-block-rise-blocks-social-icon\"><div class=\"rise-blocks-social-icon-wrapper\"><a href=\"https:\/\/www.instagram.com\/bajatt_montesalentejanos\" rel=\"noopener noreferrer\" target=\"_blank\"><i class=\"fa fa-instagram\"><\/i><\/a><\/div><\/div>\n\n\n\n<div id=\"rise-blocks-social-icon-instance-5-6537c5b7-d28f-48eb-b196-bbb58945c962\" class=\"wp-block-rise-blocks-social-icon\"><div class=\"rise-blocks-social-icon-wrapper\"><a href=\"https:\/\/www.youtube.com\/@cpkadirecao816\/\" rel=\"noopener noreferrer\" target=\"_blank\"><i class=\"fa fa-youtube-play\"><\/i><\/a><\/div><\/div>\n<\/div><\/div>\n","protected":false},"excerpt":{"rendered":"<p>Quadro oficial Evento FPAK: Quadro oficial Evento FMP:<\/p>\n","protected":false},"author":1,"featured_media":0,"parent":0,"menu_order":0,"comment_status":"closed","ping_status":"closed","template":"","meta":{"advgb_blocks_editor_width":"","advgb_blocks_columns_visual_guide":"","ngg_post_thumbnail":0,"footnotes":""},"class_list":["post-2202","page","type-page","status-publish","hentry"],"rise-blocks_excerpt":"Quadro oficial Evento FPAK: Quadro oficial Evento FMP:","aioseo_notices":[],"coauthors":[],"author_meta":{"author_link":"https:\/\/cpka.pt\/bajattmontesalentejanos\/author\/admin\/","display_name":"admin"},"relative_dates":{"created":"Posted 2 anos ago","modified":"Updated 2 meses ago"},"absolute_dates":{"created":"Posted on 5 de Janeiro, 2024","modified":"Updated on 20 de Fevereiro, 2026"},"absolute_dates_time":{"created":"Posted on 5 de Janeiro, 2024 11:36","modified":"Updated on 20 de Fevereiro, 2026 16:48"},"featured_img_caption":"","featured_img":false,"series_order":"","_links":{"self":[{"href":"https:\/\/cpka.pt\/bajattmontesalentejanos\/wp-json\/wp\/v2\/pages\/2202","targetHints":{"allow":["GET"]}}],"collection":[{"href":"https:\/\/cpka.pt\/bajattmontesalentejanos\/wp-json\/wp\/v2\/pages"}],"about":[{"href":"https:\/\/cpka.pt\/bajattmontesalentejanos\/wp-json\/wp\/v2\/types\/page"}],"author":[{"embeddable":true,"href":"https:\/\/cpka.pt\/bajattmontesalentejanos\/wp-json\/wp\/v2\/users\/1"}],"replies":[{"embeddable":true,"href":"https:\/\/cpka.pt\/bajattmontesalentejanos\/wp-json\/wp\/v2\/comments?post=2202"}],"version-history":[{"count":67,"href":"https:\/\/cpka.pt\/bajattmontesalentejanos\/wp-json\/wp\/v2\/pages\/2202\/revisions"}],"predecessor-version":[{"id":3139,"href":"https:\/\/cpka.pt\/bajattmontesalentejanos\/wp-json\/wp\/v2\/pages\/2202\/revisions\/3139"}],"wp:attachment":[{"href":"https:\/\/cpka.pt\/bajattmontesalentejanos\/wp-json\/wp\/v2\/media?parent=2202"}],"curies":[{"name":"wp","href":"https:\/\/api.w.org\/{rel}","templated":true}]}}