{"id":2342,"date":"2024-01-08T17:21:28","date_gmt":"2024-01-08T17:21:28","guid":{"rendered":"https:\/\/cpka.pt\/bajattmontesalentejanos\/?page_id=2342"},"modified":"2025-02-05T12:21:02","modified_gmt":"2025-02-05T12:21:02","slug":"multimedia-2","status":"publish","type":"page","link":"https:\/\/cpka.pt\/bajattmontesalentejanos\/multimedia-2\/","title":{"rendered":"Multim\u00e9dia"},"content":{"rendered":"\n<section id=\"g15cbe1\" class=\"wp-block-gutentor-p4 section-g15cbe1 gutentor-post-module gutentor-advanced-post-module\" data-gpid=\"2342\" data-l-ani=\"gp4-animation-1\" data-i-b=\"gutentor\/p1\" data-maxnumpages=\"11\">\n<div id=\"section-g2baae6\" class=\"wp-block-gutentor-e16 section-g2baae6 gutentor-element gutentor-post-header\"><div class=\"grid-container\"><div class=\"grid-row\">\n<div id=\"col-gm0f7dba\" class=\"wp-block-gutentor-e15 gutentor-single-column  grid-lg-5 grid-md-5 grid-5\"><div id=\"section-gm0f7dba\" class=\"section-gm0f7dba gutentor-col-wrap\"><\/div><\/div>\n\n\n\n<div id=\"col-gm02af77\" class=\"wp-block-gutentor-e15 gutentor-single-column  grid-lg-2 grid-md-2 grid-2\"><div id=\"section-gm02af77\" class=\"section-gm02af77 gutentor-col-wrap\"><\/div><\/div>\n<\/div><\/div><\/div>\n\n\n<section class=\"gutentor-post-module section-4a1a26ce-2607-41ba-afd0-1663c68e068c gutentor-post-module-p1 gutentor_p1_template1 wp-block-gutentor-p1 gutentor-blog-grid\" id=\"4a1a26ce-2607-41ba-afd0-1663c68e068c\" data-gbid=\"4a1a26ce-2607-41ba-afd0-1663c68e068c\" >\n<div class='grid-container'><div class='grid-row' ><article class='gutentor-post  grid-md-4 grid-sm-4 grid-xs-12'><div class='gutentor-post-item'><div class='gutentor-post-image-box'><div class=\"gutentor-image-thumb\"><img loading=\"lazy\" decoding=\"async\" width=\"931\" height=\"640\" src=\"https:\/\/cpka.pt\/bajattmontesalentejanos\/wp-content\/uploads\/sites\/3\/2025\/02\/VIDEO-APRESENTACAO-BAJA-2025.jpg\" class=\"attachment-full size-full wp-post-image\" alt=\"\" srcset=\"https:\/\/cpka.pt\/bajattmontesalentejanos\/wp-content\/uploads\/sites\/3\/2025\/02\/VIDEO-APRESENTACAO-BAJA-2025.jpg 931w, https:\/\/cpka.pt\/bajattmontesalentejanos\/wp-content\/uploads\/sites\/3\/2025\/02\/VIDEO-APRESENTACAO-BAJA-2025-300x206.jpg 300w, https:\/\/cpka.pt\/bajattmontesalentejanos\/wp-content\/uploads\/sites\/3\/2025\/02\/VIDEO-APRESENTACAO-BAJA-2025-768x528.jpg 768w\" sizes=\"auto, (max-width: 931px) 100vw, 931px\" \/><\/div><\/div><div class=\"gutentor-post-title-data-wrap\"><h3 class=\"gutentor-post-title\"><a href=\"https:\/\/cpka.pt\/bajattmontesalentejanos\/2025\/01\/31\/video-apresentacao-esc-online-baja-tt-montes-alentejanos-2025\/\" rel=\"bookmark\">V\u00cdDEO: Apresenta\u00e7\u00e3o Esc Online Baja TT Montes Alentejanos 2025<\/a><\/h3><\/div><div class=\"gutentor-entry-meta gutentor-entry-meta-primary\"><div class=\"posted-on\"><i class=\"far fa-calendar-alt\"><\/i><a href=\"https:\/\/cpka.pt\/bajattmontesalentejanos\/2025\/01\/31\/video-apresentacao-esc-online-baja-tt-montes-alentejanos-2025\/\" rel=\"bookmark\">31 de Janeiro, 2025<\/a><\/div><\/div><\/div><\/article><article class='gutentor-post  grid-md-4 grid-sm-4 grid-xs-12'><div class='gutentor-post-item'><div class='gutentor-post-image-box'><div class=\"gutentor-image-thumb\"><img loading=\"lazy\" decoding=\"async\" width=\"2048\" height=\"1365\" src=\"https:\/\/cpka.pt\/bajattmontesalentejanos\/wp-content\/uploads\/sites\/3\/2024\/03\/432222038_919249356666349_5205924961924561856_n.jpg\" class=\"attachment-full size-full wp-post-image\" alt=\"\" srcset=\"https:\/\/cpka.pt\/bajattmontesalentejanos\/wp-content\/uploads\/sites\/3\/2024\/03\/432222038_919249356666349_5205924961924561856_n.jpg 2048w, https:\/\/cpka.pt\/bajattmontesalentejanos\/wp-content\/uploads\/sites\/3\/2024\/03\/432222038_919249356666349_5205924961924561856_n-300x200.jpg 300w, https:\/\/cpka.pt\/bajattmontesalentejanos\/wp-content\/uploads\/sites\/3\/2024\/03\/432222038_919249356666349_5205924961924561856_n-1024x683.jpg 1024w, https:\/\/cpka.pt\/bajattmontesalentejanos\/wp-content\/uploads\/sites\/3\/2024\/03\/432222038_919249356666349_5205924961924561856_n-768x512.jpg 768w, https:\/\/cpka.pt\/bajattmontesalentejanos\/wp-content\/uploads\/sites\/3\/2024\/03\/432222038_919249356666349_5205924961924561856_n-1536x1024.jpg 1536w, https:\/\/cpka.pt\/bajattmontesalentejanos\/wp-content\/uploads\/sites\/3\/2024\/03\/432222038_919249356666349_5205924961924561856_n-1200x800.jpg 1200w\" sizes=\"auto, (max-width: 2048px) 100vw, 2048px\" \/><\/div><\/div><div class=\"gutentor-post-title-data-wrap\"><h3 class=\"gutentor-post-title\"><a href=\"https:\/\/cpka.pt\/bajattmontesalentejanos\/2024\/03\/08\/galeria-de-fotos-dos-auto-na-esc-online-baja-tt-montes-alentejanos\/\" rel=\"bookmark\">Galeria de fotos dos AUTO na ESC Online Baja TT Montes Alentejanos<\/a><\/h3><\/div><div class=\"gutentor-entry-meta gutentor-entry-meta-primary\"><div class=\"posted-on\"><i class=\"far fa-calendar-alt\"><\/i><a href=\"https:\/\/cpka.pt\/bajattmontesalentejanos\/2024\/03\/08\/galeria-de-fotos-dos-auto-na-esc-online-baja-tt-montes-alentejanos\/\" rel=\"bookmark\">8 de Mar\u00e7o, 2024<\/a><\/div><\/div><\/div><\/article><article class='gutentor-post  grid-md-4 grid-sm-4 grid-xs-12'><div class='gutentor-post-item'><div class='gutentor-post-image-box'><div class=\"gutentor-image-thumb\"><img loading=\"lazy\" decoding=\"async\" width=\"2048\" height=\"1365\" src=\"https:\/\/cpka.pt\/bajattmontesalentejanos\/wp-content\/uploads\/sites\/3\/2024\/03\/432252437_919226733335278_6181313624155654961_n.jpg\" class=\"attachment-full size-full wp-post-image\" alt=\"\" srcset=\"https:\/\/cpka.pt\/bajattmontesalentejanos\/wp-content\/uploads\/sites\/3\/2024\/03\/432252437_919226733335278_6181313624155654961_n.jpg 2048w, https:\/\/cpka.pt\/bajattmontesalentejanos\/wp-content\/uploads\/sites\/3\/2024\/03\/432252437_919226733335278_6181313624155654961_n-300x200.jpg 300w, https:\/\/cpka.pt\/bajattmontesalentejanos\/wp-content\/uploads\/sites\/3\/2024\/03\/432252437_919226733335278_6181313624155654961_n-1024x683.jpg 1024w, https:\/\/cpka.pt\/bajattmontesalentejanos\/wp-content\/uploads\/sites\/3\/2024\/03\/432252437_919226733335278_6181313624155654961_n-768x512.jpg 768w, https:\/\/cpka.pt\/bajattmontesalentejanos\/wp-content\/uploads\/sites\/3\/2024\/03\/432252437_919226733335278_6181313624155654961_n-1536x1024.jpg 1536w, https:\/\/cpka.pt\/bajattmontesalentejanos\/wp-content\/uploads\/sites\/3\/2024\/03\/432252437_919226733335278_6181313624155654961_n-1200x800.jpg 1200w\" sizes=\"auto, (max-width: 2048px) 100vw, 2048px\" \/><\/div><\/div><div class=\"gutentor-post-title-data-wrap\"><h3 class=\"gutentor-post-title\"><a href=\"https:\/\/cpka.pt\/bajattmontesalentejanos\/2024\/03\/08\/galeria-de-fotos-dos-ssv-na-esc-online-baja-tt-montes-alentejanos\/\" rel=\"bookmark\">Galeria de fotos dos SSV na ESC Online Baja TT Montes Alentejanos<\/a><\/h3><\/div><div class=\"gutentor-entry-meta gutentor-entry-meta-primary\"><div class=\"posted-on\"><i class=\"far fa-calendar-alt\"><\/i><a href=\"https:\/\/cpka.pt\/bajattmontesalentejanos\/2024\/03\/08\/galeria-de-fotos-dos-ssv-na-esc-online-baja-tt-montes-alentejanos\/\" rel=\"bookmark\">8 de Mar\u00e7o, 2024<\/a><\/div><\/div><\/div><\/article><article class='gutentor-post  grid-md-4 grid-sm-4 grid-xs-12'><div class='gutentor-post-item'><div class='gutentor-post-image-box'><div class=\"gutentor-image-thumb\"><img loading=\"lazy\" decoding=\"async\" width=\"2048\" height=\"1360\" src=\"https:\/\/cpka.pt\/bajattmontesalentejanos\/wp-content\/uploads\/sites\/3\/2024\/03\/432215876_919219696669315_6225855944575620488_n.jpg\" class=\"attachment-full size-full wp-post-image\" alt=\"\" srcset=\"https:\/\/cpka.pt\/bajattmontesalentejanos\/wp-content\/uploads\/sites\/3\/2024\/03\/432215876_919219696669315_6225855944575620488_n.jpg 2048w, https:\/\/cpka.pt\/bajattmontesalentejanos\/wp-content\/uploads\/sites\/3\/2024\/03\/432215876_919219696669315_6225855944575620488_n-300x199.jpg 300w, https:\/\/cpka.pt\/bajattmontesalentejanos\/wp-content\/uploads\/sites\/3\/2024\/03\/432215876_919219696669315_6225855944575620488_n-1024x680.jpg 1024w, https:\/\/cpka.pt\/bajattmontesalentejanos\/wp-content\/uploads\/sites\/3\/2024\/03\/432215876_919219696669315_6225855944575620488_n-768x510.jpg 768w, https:\/\/cpka.pt\/bajattmontesalentejanos\/wp-content\/uploads\/sites\/3\/2024\/03\/432215876_919219696669315_6225855944575620488_n-1536x1020.jpg 1536w\" sizes=\"auto, (max-width: 2048px) 100vw, 2048px\" \/><\/div><\/div><div class=\"gutentor-post-title-data-wrap\"><h3 class=\"gutentor-post-title\"><a href=\"https:\/\/cpka.pt\/bajattmontesalentejanos\/2024\/03\/08\/galeria-de-fotos-dos-quads-na-esc-online-baja-tt-montes-alentejanos\/\" rel=\"bookmark\">Galeria de fotos dos QUAD&#8217;s na ESC Online Baja TT Montes Alentejanos<\/a><\/h3><\/div><div class=\"gutentor-entry-meta gutentor-entry-meta-primary\"><div class=\"posted-on\"><i class=\"far fa-calendar-alt\"><\/i><a href=\"https:\/\/cpka.pt\/bajattmontesalentejanos\/2024\/03\/08\/galeria-de-fotos-dos-quads-na-esc-online-baja-tt-montes-alentejanos\/\" rel=\"bookmark\">8 de Mar\u00e7o, 2024<\/a><\/div><\/div><\/div><\/article><article class='gutentor-post  grid-md-4 grid-sm-4 grid-xs-12'><div class='gutentor-post-item'><div class='gutentor-post-image-box'><div class=\"gutentor-image-thumb\"><img loading=\"lazy\" decoding=\"async\" width=\"2048\" height=\"1360\" src=\"https:\/\/cpka.pt\/bajattmontesalentejanos\/wp-content\/uploads\/sites\/3\/2024\/03\/432107546_919206430003975_7990296845620200519_n.jpg\" class=\"attachment-full size-full wp-post-image\" alt=\"\" srcset=\"https:\/\/cpka.pt\/bajattmontesalentejanos\/wp-content\/uploads\/sites\/3\/2024\/03\/432107546_919206430003975_7990296845620200519_n.jpg 2048w, https:\/\/cpka.pt\/bajattmontesalentejanos\/wp-content\/uploads\/sites\/3\/2024\/03\/432107546_919206430003975_7990296845620200519_n-300x199.jpg 300w, https:\/\/cpka.pt\/bajattmontesalentejanos\/wp-content\/uploads\/sites\/3\/2024\/03\/432107546_919206430003975_7990296845620200519_n-1024x680.jpg 1024w, https:\/\/cpka.pt\/bajattmontesalentejanos\/wp-content\/uploads\/sites\/3\/2024\/03\/432107546_919206430003975_7990296845620200519_n-768x510.jpg 768w, https:\/\/cpka.pt\/bajattmontesalentejanos\/wp-content\/uploads\/sites\/3\/2024\/03\/432107546_919206430003975_7990296845620200519_n-1536x1020.jpg 1536w\" sizes=\"auto, (max-width: 2048px) 100vw, 2048px\" \/><\/div><\/div><div class=\"gutentor-post-title-data-wrap\"><h3 class=\"gutentor-post-title\"><a href=\"https:\/\/cpka.pt\/bajattmontesalentejanos\/2024\/03\/08\/galeria-de-fotos-das-motos-na-esc-online-baja-tt-montes-alentejanos\/\" rel=\"bookmark\">Galeria de fotos das MOTOS na ESC Online Baja TT Montes Alentejanos<\/a><\/h3><\/div><div class=\"gutentor-entry-meta gutentor-entry-meta-primary\"><div class=\"posted-on\"><i class=\"far fa-calendar-alt\"><\/i><a href=\"https:\/\/cpka.pt\/bajattmontesalentejanos\/2024\/03\/08\/galeria-de-fotos-das-motos-na-esc-online-baja-tt-montes-alentejanos\/\" rel=\"bookmark\">8 de Mar\u00e7o, 2024<\/a><\/div><\/div><\/div><\/article><article class='gutentor-post  grid-md-4 grid-sm-4 grid-xs-12'><div class='gutentor-post-item'><div class='gutentor-post-image-box'><div class=\"gutentor-image-thumb\"><img loading=\"lazy\" decoding=\"async\" width=\"2560\" height=\"1707\" src=\"https:\/\/cpka.pt\/bajattmontesalentejanos\/wp-content\/uploads\/sites\/3\/2024\/03\/MSP_8751-scaled.jpg\" class=\"attachment-full size-full wp-post-image\" alt=\"\" srcset=\"https:\/\/cpka.pt\/bajattmontesalentejanos\/wp-content\/uploads\/sites\/3\/2024\/03\/MSP_8751-scaled.jpg 2560w, https:\/\/cpka.pt\/bajattmontesalentejanos\/wp-content\/uploads\/sites\/3\/2024\/03\/MSP_8751-300x200.jpg 300w, https:\/\/cpka.pt\/bajattmontesalentejanos\/wp-content\/uploads\/sites\/3\/2024\/03\/MSP_8751-1024x683.jpg 1024w, https:\/\/cpka.pt\/bajattmontesalentejanos\/wp-content\/uploads\/sites\/3\/2024\/03\/MSP_8751-768x512.jpg 768w, https:\/\/cpka.pt\/bajattmontesalentejanos\/wp-content\/uploads\/sites\/3\/2024\/03\/MSP_8751-1536x1024.jpg 1536w, https:\/\/cpka.pt\/bajattmontesalentejanos\/wp-content\/uploads\/sites\/3\/2024\/03\/MSP_8751-2048x1365.jpg 2048w, https:\/\/cpka.pt\/bajattmontesalentejanos\/wp-content\/uploads\/sites\/3\/2024\/03\/MSP_8751-1200x800.jpg 1200w\" sizes=\"auto, (max-width: 2560px) 100vw, 2560px\" \/><\/div><\/div><div class=\"gutentor-post-title-data-wrap\"><h3 class=\"gutentor-post-title\"><a href=\"https:\/\/cpka.pt\/bajattmontesalentejanos\/2024\/03\/02\/ssv-fotos-do-prologo-da-esc-online-baja-tt-montes-alentejanos-2024\/\" rel=\"bookmark\">SSV: Fotos do Pr\u00f3logo da ESC Online Baja TT Montes Alentejanos 2024<\/a><\/h3><\/div><div class=\"gutentor-entry-meta gutentor-entry-meta-primary\"><div class=\"posted-on\"><i class=\"far fa-calendar-alt\"><\/i><a href=\"https:\/\/cpka.pt\/bajattmontesalentejanos\/2024\/03\/02\/ssv-fotos-do-prologo-da-esc-online-baja-tt-montes-alentejanos-2024\/\" rel=\"bookmark\">2 de Mar\u00e7o, 2024<\/a><\/div><\/div><\/div><\/article><\/div><\/div><\/section>\n\n\n<div id=\"section-g23311c\" class=\"wp-block-gutentor-e17 section-g23311c gutentor-element gutentor-post-footer\"><div class=\"grid-container\"><div class=\"grid-row\">\n<div id=\"col-gm00209e\" class=\"wp-block-gutentor-e15 gutentor-single-column  grid-lg-12 grid-md-12 grid-12\"><div id=\"section-gm00209e\" class=\"section-gm00209e gutentor-col-wrap\">\n<div id=\"section-gb27323\" class=\"wp-block-gutentor-e12 section-gb27323 gutentor-element gutentor-element-pagination text-align-center-mobile\"><div class=\"gutentor-pagination-wrap\" data-maxnumpages=\"11\"><ul class=\"gutentor-pagination\"><li class=\"gutentor-pagination-item gutentor-pagination-prev\"><a class=\"gutentor-pagination-link gutentor-disabled\" href=\"#\"><i class=\"fas fa-chevron-left\"><\/i>Previous<\/a><\/li><li class=\"gutentor-pagination-item gutentor-pagination-active\" data-gpage=\"1\"><a class=\"gutentor-pagination-link\" href=\"#\">1<\/a><\/li><li class=\"gutentor-pagination-item\"><a class=\"gutentor-pagination-link\" href=\"#\" data-gpage=\"2\">2<\/a><\/li><li class=\"gutentor-pagination-item\"><a class=\"gutentor-pagination-link\" href=\"#\" data-gpage=\"3\">3<\/a><\/li><li class=\"gutentor-pagination-item\"><a class=\"gutentor-pagination-link\" href=\"#\" data-gpage=\"4\">4<\/a><\/li><li class=\"gutentor-pagination-item gutentor-pagination-dots\"><a class=\"gutentor-pagination-link\" href=\"#\">&#8230;<\/a><\/li><li class=\"gutentor-pagination-item\"><a class=\"gutentor-pagination-link\" href=\"#\" data-gpage=\"11\">11<\/a><\/li><li class=\"gutentor-pagination-item gutentor-pagination-next\"><a class=\"gutentor-pagination-link\" href=\"#\" data-gpage=\"2\">Next<i class=\"fas fa-chevron-right\"><\/i><\/a><\/li><\/ul><\/div><\/div>\n<\/div><\/div>\n<\/div><\/div><\/div>\n<\/section>\n","protected":false},"excerpt":{"rendered":"","protected":false},"author":1,"featured_media":0,"parent":0,"menu_order":0,"comment_status":"closed","ping_status":"closed","template":"","meta":{"advgb_blocks_editor_width":"","advgb_blocks_columns_visual_guide":"","ngg_post_thumbnail":0,"footnotes":""},"class_list":["post-2342","page","type-page","status-publish","hentry"],"rise-blocks_excerpt":"","aioseo_notices":[],"coauthors":[],"author_meta":{"author_link":"https:\/\/cpka.pt\/bajattmontesalentejanos\/author\/admin\/","display_name":"admin"},"relative_dates":{"created":"Posted 2 anos ago","modified":"Updated 1 ano ago"},"absolute_dates":{"created":"Posted on 8 de Janeiro, 2024","modified":"Updated on 5 de Fevereiro, 2025"},"absolute_dates_time":{"created":"Posted on 8 de Janeiro, 2024 17:21","modified":"Updated on 5 de Fevereiro, 2025 12:21"},"featured_img_caption":"","featured_img":false,"series_order":"","_links":{"self":[{"href":"https:\/\/cpka.pt\/bajattmontesalentejanos\/wp-json\/wp\/v2\/pages\/2342","targetHints":{"allow":["GET"]}}],"collection":[{"href":"https:\/\/cpka.pt\/bajattmontesalentejanos\/wp-json\/wp\/v2\/pages"}],"about":[{"href":"https:\/\/cpka.pt\/bajattmontesalentejanos\/wp-json\/wp\/v2\/types\/page"}],"author":[{"embeddable":true,"href":"https:\/\/cpka.pt\/bajattmontesalentejanos\/wp-json\/wp\/v2\/users\/1"}],"replies":[{"embeddable":true,"href":"https:\/\/cpka.pt\/bajattmontesalentejanos\/wp-json\/wp\/v2\/comments?post=2342"}],"version-history":[{"count":2,"href":"https:\/\/cpka.pt\/bajattmontesalentejanos\/wp-json\/wp\/v2\/pages\/2342\/revisions"}],"predecessor-version":[{"id":2999,"href":"https:\/\/cpka.pt\/bajattmontesalentejanos\/wp-json\/wp\/v2\/pages\/2342\/revisions\/2999"}],"wp:attachment":[{"href":"https:\/\/cpka.pt\/bajattmontesalentejanos\/wp-json\/wp\/v2\/media?parent=2342"}],"curies":[{"name":"wp","href":"https:\/\/api.w.org\/{rel}","templated":true}]}}