{"id":493,"date":"2020-12-16T10:36:12","date_gmt":"2020-12-16T10:36:12","guid":{"rendered":"https:\/\/cpka.pt\/bajattmontesalentejanos\/?page_id=493"},"modified":"2025-02-05T11:58:16","modified_gmt":"2025-02-05T11:58:16","slug":"quad-2","status":"publish","type":"page","link":"https:\/\/cpka.pt\/bajattmontesalentejanos\/quad-2\/","title":{"rendered":"QUAD"},"content":{"rendered":"\n<section id=\"g04c454\" class=\"wp-block-gutentor-p4 section-g04c454 gutentor-post-module gutentor-advanced-post-module\" data-gpid=\"493\" data-l-ani=\"gp4-animation-1\" data-i-b=\"gutentor\/p1\" data-maxnumpages=\"11\">\n<div id=\"section-g95f9eb\" class=\"wp-block-gutentor-e16 section-g95f9eb gutentor-element gutentor-post-header\"><div class=\"grid-container\"><div class=\"grid-row\">\n<div id=\"col-gm769f7f\" class=\"wp-block-gutentor-e15 gutentor-single-column  grid-lg-5 grid-md-5 grid-5\"><div id=\"section-gm769f7f\" class=\"section-gm769f7f gutentor-col-wrap\"><\/div><\/div>\n\n\n\n<div id=\"col-gm02f8a3\" class=\"wp-block-gutentor-e15 gutentor-single-column  grid-lg-2 grid-md-2 grid-2\"><div id=\"section-gm02f8a3\" class=\"section-gm02f8a3 gutentor-col-wrap\"><\/div><\/div>\n<\/div><\/div><\/div>\n\n\n<section class=\"gutentor-post-module section-c6454eac-cdda-46c0-a2df-31b85ad37309 gutentor-post-module-p1 gutentor_p1_template1 wp-block-gutentor-p1 gutentor-blog-grid\" id=\"c6454eac-cdda-46c0-a2df-31b85ad37309\" data-gbid=\"c6454eac-cdda-46c0-a2df-31b85ad37309\" >\n<div class='grid-container'><div class='grid-row' ><article class='gutentor-post  grid-md-4 grid-sm-4 grid-xs-12'><div class='gutentor-post-item'><div class='gutentor-post-image-box'><div class=\"gutentor-image-thumb\"><img loading=\"lazy\" decoding=\"async\" width=\"1190\" height=\"757\" src=\"https:\/\/cpka.pt\/bajattmontesalentejanos\/wp-content\/uploads\/sites\/3\/2026\/03\/Ricardo-Caetano.jpg\" class=\"attachment-full size-full wp-post-image\" alt=\"\" srcset=\"https:\/\/cpka.pt\/bajattmontesalentejanos\/wp-content\/uploads\/sites\/3\/2026\/03\/Ricardo-Caetano.jpg 1190w, https:\/\/cpka.pt\/bajattmontesalentejanos\/wp-content\/uploads\/sites\/3\/2026\/03\/Ricardo-Caetano-300x191.jpg 300w, https:\/\/cpka.pt\/bajattmontesalentejanos\/wp-content\/uploads\/sites\/3\/2026\/03\/Ricardo-Caetano-1024x651.jpg 1024w, https:\/\/cpka.pt\/bajattmontesalentejanos\/wp-content\/uploads\/sites\/3\/2026\/03\/Ricardo-Caetano-768x489.jpg 768w\" sizes=\"auto, (max-width: 1190px) 100vw, 1190px\" \/><\/div><\/div><div class=\"gutentor-post-title-data-wrap\"><h3 class=\"gutentor-post-title\"><a href=\"https:\/\/cpka.pt\/bajattmontesalentejanos\/2026\/03\/01\/bruno-santos-em-husqvarna-nas-motos-e-ricardo-caetano-em-suzuki-vencem-esc-online-baja-montes-alentejanos\/\" rel=\"bookmark\">Bruno Santos em Husqvarna nas motos e Ricardo Caetano em Suzuki vencem ESC Online Baja Montes Alentejanos<\/a><\/h3><\/div><div class=\"gutentor-entry-meta gutentor-entry-meta-primary\"><div class=\"posted-on\"><i class=\"far fa-calendar-alt\"><\/i><a href=\"https:\/\/cpka.pt\/bajattmontesalentejanos\/2026\/03\/01\/bruno-santos-em-husqvarna-nas-motos-e-ricardo-caetano-em-suzuki-vencem-esc-online-baja-montes-alentejanos\/\" rel=\"bookmark\">1 de Mar\u00e7o, 2026<\/a><\/div><\/div><div class=\"gutentor-post-desc\">Com uma derradeira passagem pelo setor seletivo de 120 km de extens\u00e3o, j\u00e1 utilizado na v\u00e9spera, o SS&hellip;<\/div><\/div><\/article><article class='gutentor-post  grid-md-4 grid-sm-4 grid-xs-12'><div class='gutentor-post-item'><div class='gutentor-post-image-box'><div class=\"gutentor-image-thumb\"><img loading=\"lazy\" decoding=\"async\" width=\"1138\" height=\"757\" src=\"https:\/\/cpka.pt\/bajattmontesalentejanos\/wp-content\/uploads\/sites\/3\/2026\/03\/Bruno-Santos.jpg\" class=\"attachment-full size-full wp-post-image\" alt=\"\" srcset=\"https:\/\/cpka.pt\/bajattmontesalentejanos\/wp-content\/uploads\/sites\/3\/2026\/03\/Bruno-Santos.jpg 1138w, https:\/\/cpka.pt\/bajattmontesalentejanos\/wp-content\/uploads\/sites\/3\/2026\/03\/Bruno-Santos-300x200.jpg 300w, https:\/\/cpka.pt\/bajattmontesalentejanos\/wp-content\/uploads\/sites\/3\/2026\/03\/Bruno-Santos-1024x681.jpg 1024w, https:\/\/cpka.pt\/bajattmontesalentejanos\/wp-content\/uploads\/sites\/3\/2026\/03\/Bruno-Santos-768x511.jpg 768w\" sizes=\"auto, (max-width: 1138px) 100vw, 1138px\" \/><\/div><\/div><div class=\"gutentor-post-title-data-wrap\"><h3 class=\"gutentor-post-title\"><a href=\"https:\/\/cpka.pt\/bajattmontesalentejanos\/2026\/02\/28\/bruno-santos-em-husqvarna-nas-motos-ricardo-caetano-em-suzuki-nos-quad-e-dupla-tiago-guerreiro-carlos-paulino-em-polaris-nos-ssv-venceram-ss1\/\" rel=\"bookmark\">Bruno Santos em Husqvarna nas motos, Ricardo Caetano em Suzuki nos Quad e dupla Tiago Guerreiro\/Carlos Paulino em Polaris nos SSV venceram SS1<\/a><\/h3><\/div><div class=\"gutentor-entry-meta gutentor-entry-meta-primary\"><div class=\"posted-on\"><i class=\"far fa-calendar-alt\"><\/i><a href=\"https:\/\/cpka.pt\/bajattmontesalentejanos\/2026\/02\/28\/bruno-santos-em-husqvarna-nas-motos-ricardo-caetano-em-suzuki-nos-quad-e-dupla-tiago-guerreiro-carlos-paulino-em-polaris-nos-ssv-venceram-ss1\/\" rel=\"bookmark\">28 de Fevereiro, 2026<\/a><\/div><\/div><div class=\"gutentor-post-desc\">Com uma dupla passagem por um setor seletivo de 120 km de extens\u00e3o, o SS1 da prova de abertura do Ca&hellip;<\/div><\/div><\/article><article class='gutentor-post  grid-md-4 grid-sm-4 grid-xs-12'><div class='gutentor-post-item'><div class='gutentor-post-image-box'><div class=\"gutentor-image-thumb\"><img loading=\"lazy\" decoding=\"async\" width=\"2560\" height=\"1706\" src=\"https:\/\/cpka.pt\/bajattmontesalentejanos\/wp-content\/uploads\/sites\/3\/2026\/03\/Joao-Ferreira-scaled.jpg\" class=\"attachment-full size-full wp-post-image\" alt=\"\" srcset=\"https:\/\/cpka.pt\/bajattmontesalentejanos\/wp-content\/uploads\/sites\/3\/2026\/03\/Joao-Ferreira-scaled.jpg 2560w, https:\/\/cpka.pt\/bajattmontesalentejanos\/wp-content\/uploads\/sites\/3\/2026\/03\/Joao-Ferreira-300x200.jpg 300w, https:\/\/cpka.pt\/bajattmontesalentejanos\/wp-content\/uploads\/sites\/3\/2026\/03\/Joao-Ferreira-1024x683.jpg 1024w, https:\/\/cpka.pt\/bajattmontesalentejanos\/wp-content\/uploads\/sites\/3\/2026\/03\/Joao-Ferreira-768x512.jpg 768w, https:\/\/cpka.pt\/bajattmontesalentejanos\/wp-content\/uploads\/sites\/3\/2026\/03\/Joao-Ferreira-1536x1024.jpg 1536w, https:\/\/cpka.pt\/bajattmontesalentejanos\/wp-content\/uploads\/sites\/3\/2026\/03\/Joao-Ferreira-2048x1365.jpg 2048w\" sizes=\"auto, (max-width: 2560px) 100vw, 2560px\" \/><\/div><\/div><div class=\"gutentor-post-title-data-wrap\"><h3 class=\"gutentor-post-title\"><a href=\"https:\/\/cpka.pt\/bajattmontesalentejanos\/2026\/02\/27\/joao-ferreira-em-toyota-t1-foi-o-mais-rapido-no-prologo\/\" rel=\"bookmark\">Jo\u00e3o Ferreira em Toyota T1+ foi o mais r\u00e1pido no pr\u00f3logo<\/a><\/h3><\/div><div class=\"gutentor-entry-meta gutentor-entry-meta-primary\"><div class=\"posted-on\"><i class=\"far fa-calendar-alt\"><\/i><a href=\"https:\/\/cpka.pt\/bajattmontesalentejanos\/2026\/02\/27\/joao-ferreira-em-toyota-t1-foi-o-mais-rapido-no-prologo\/\" rel=\"bookmark\">27 de Fevereiro, 2026<\/a><\/div><\/div><div class=\"gutentor-post-desc\">Baja Montes Alentejanos, 26 de Fevereiro a 1 de Mar\u00e7o de 2026, Foto: Ricardo Oliveira \/ GoAgency\n\n\n\n&hellip;<\/div><\/div><\/article><article class='gutentor-post  grid-md-4 grid-sm-4 grid-xs-12'><div class='gutentor-post-item'><div class='gutentor-post-image-box'><div class=\"gutentor-image-thumb\"><img loading=\"lazy\" decoding=\"async\" width=\"2500\" height=\"1667\" src=\"https:\/\/cpka.pt\/bajattmontesalentejanos\/wp-content\/uploads\/sites\/3\/2026\/02\/Joao-Ferreira-Mini.jpg\" class=\"attachment-full size-full wp-post-image\" alt=\"\" srcset=\"https:\/\/cpka.pt\/bajattmontesalentejanos\/wp-content\/uploads\/sites\/3\/2026\/02\/Joao-Ferreira-Mini.jpg 2500w, https:\/\/cpka.pt\/bajattmontesalentejanos\/wp-content\/uploads\/sites\/3\/2026\/02\/Joao-Ferreira-Mini-300x200.jpg 300w, https:\/\/cpka.pt\/bajattmontesalentejanos\/wp-content\/uploads\/sites\/3\/2026\/02\/Joao-Ferreira-Mini-1024x683.jpg 1024w, https:\/\/cpka.pt\/bajattmontesalentejanos\/wp-content\/uploads\/sites\/3\/2026\/02\/Joao-Ferreira-Mini-768x512.jpg 768w, https:\/\/cpka.pt\/bajattmontesalentejanos\/wp-content\/uploads\/sites\/3\/2026\/02\/Joao-Ferreira-Mini-1536x1024.jpg 1536w, https:\/\/cpka.pt\/bajattmontesalentejanos\/wp-content\/uploads\/sites\/3\/2026\/02\/Joao-Ferreira-Mini-2048x1366.jpg 2048w\" sizes=\"auto, (max-width: 2500px) 100vw, 2500px\" \/><\/div><\/div><div class=\"gutentor-post-title-data-wrap\"><h3 class=\"gutentor-post-title\"><a href=\"https:\/\/cpka.pt\/bajattmontesalentejanos\/2026\/02\/26\/esc-online-baja-montes-alentejanos-2026-com-excelente-lista-de-inscritos-para-arranque-da-temporada\/\" rel=\"bookmark\">ESC Online | Baja Montes Alentejanos 2026 com excelente lista de inscritos para arranque da temporada<\/a><\/h3><\/div><div class=\"gutentor-entry-meta gutentor-entry-meta-primary\"><div class=\"posted-on\"><i class=\"far fa-calendar-alt\"><\/i><a href=\"https:\/\/cpka.pt\/bajattmontesalentejanos\/2026\/02\/26\/esc-online-baja-montes-alentejanos-2026-com-excelente-lista-de-inscritos-para-arranque-da-temporada\/\" rel=\"bookmark\">26 de Fevereiro, 2026<\/a><\/div><\/div><div class=\"gutentor-post-desc\">A ESC Online Baja Montes Alentejanos 2026, jornada que marca o arranque do Campeonato de Portugal de&hellip;<\/div><\/div><\/article><article class='gutentor-post  grid-md-4 grid-sm-4 grid-xs-12'><div class='gutentor-post-item'><div class='gutentor-post-image-box'><div class=\"gutentor-image-thumb\"><img loading=\"lazy\" decoding=\"async\" width=\"2560\" height=\"1811\" src=\"https:\/\/cpka.pt\/bajattmontesalentejanos\/wp-content\/uploads\/sites\/3\/2026\/02\/Mapa-Esc-Online-Baja-Montes-Alentejanos-2026_page-0001-scaled.jpg\" class=\"attachment-full size-full wp-post-image\" alt=\"\" srcset=\"https:\/\/cpka.pt\/bajattmontesalentejanos\/wp-content\/uploads\/sites\/3\/2026\/02\/Mapa-Esc-Online-Baja-Montes-Alentejanos-2026_page-0001-scaled.jpg 2560w, https:\/\/cpka.pt\/bajattmontesalentejanos\/wp-content\/uploads\/sites\/3\/2026\/02\/Mapa-Esc-Online-Baja-Montes-Alentejanos-2026_page-0001-300x212.jpg 300w, https:\/\/cpka.pt\/bajattmontesalentejanos\/wp-content\/uploads\/sites\/3\/2026\/02\/Mapa-Esc-Online-Baja-Montes-Alentejanos-2026_page-0001-1024x724.jpg 1024w, https:\/\/cpka.pt\/bajattmontesalentejanos\/wp-content\/uploads\/sites\/3\/2026\/02\/Mapa-Esc-Online-Baja-Montes-Alentejanos-2026_page-0001-768x543.jpg 768w, https:\/\/cpka.pt\/bajattmontesalentejanos\/wp-content\/uploads\/sites\/3\/2026\/02\/Mapa-Esc-Online-Baja-Montes-Alentejanos-2026_page-0001-1536x1086.jpg 1536w, https:\/\/cpka.pt\/bajattmontesalentejanos\/wp-content\/uploads\/sites\/3\/2026\/02\/Mapa-Esc-Online-Baja-Montes-Alentejanos-2026_page-0001-2048x1448.jpg 2048w\" sizes=\"auto, (max-width: 2560px) 100vw, 2560px\" \/><\/div><\/div><div class=\"gutentor-post-title-data-wrap\"><h3 class=\"gutentor-post-title\"><a href=\"https:\/\/cpka.pt\/bajattmontesalentejanos\/2026\/02\/24\/mapa-geral-da-baja-tt-montes-alentejanos-2026\/\" rel=\"bookmark\">Mapa Geral da Baja TT Montes Alentejanos 2026<\/a><\/h3><\/div><div class=\"gutentor-entry-meta gutentor-entry-meta-primary\"><div class=\"posted-on\"><i class=\"far fa-calendar-alt\"><\/i><a href=\"https:\/\/cpka.pt\/bajattmontesalentejanos\/2026\/02\/24\/mapa-geral-da-baja-tt-montes-alentejanos-2026\/\" rel=\"bookmark\">24 de Fevereiro, 2026<\/a><\/div><\/div><div class=\"gutentor-post-desc\">Mapa GeralSector Seletivo com 120 Km;N\u00e3o v\u00e3o existir Zonas Espet\u00e1culo especificas, al\u00e9m da Herdade d&hellip;<\/div><\/div><\/article><article class='gutentor-post  grid-md-4 grid-sm-4 grid-xs-12'><div class='gutentor-post-item'><div class='gutentor-post-image-box'><div class=\"gutentor-image-thumb\"><img loading=\"lazy\" decoding=\"async\" width=\"2560\" height=\"1707\" src=\"https:\/\/cpka.pt\/bajattmontesalentejanos\/wp-content\/uploads\/sites\/3\/2025\/02\/25A5876-scaled.jpg\" class=\"attachment-full size-full wp-post-image\" alt=\"\" srcset=\"https:\/\/cpka.pt\/bajattmontesalentejanos\/wp-content\/uploads\/sites\/3\/2025\/02\/25A5876-scaled.jpg 2560w, https:\/\/cpka.pt\/bajattmontesalentejanos\/wp-content\/uploads\/sites\/3\/2025\/02\/25A5876-300x200.jpg 300w, https:\/\/cpka.pt\/bajattmontesalentejanos\/wp-content\/uploads\/sites\/3\/2025\/02\/25A5876-1024x683.jpg 1024w, https:\/\/cpka.pt\/bajattmontesalentejanos\/wp-content\/uploads\/sites\/3\/2025\/02\/25A5876-768x512.jpg 768w, https:\/\/cpka.pt\/bajattmontesalentejanos\/wp-content\/uploads\/sites\/3\/2025\/02\/25A5876-1536x1024.jpg 1536w, https:\/\/cpka.pt\/bajattmontesalentejanos\/wp-content\/uploads\/sites\/3\/2025\/02\/25A5876-2048x1365.jpg 2048w\" sizes=\"auto, (max-width: 2560px) 100vw, 2560px\" \/><\/div><\/div><div class=\"gutentor-post-title-data-wrap\"><h3 class=\"gutentor-post-title\"><a href=\"https:\/\/cpka.pt\/bajattmontesalentejanos\/2026\/02\/21\/lista-de-inscritos-das-motos-quads-ssv-e-hobby\/\" rel=\"bookmark\">Lista de inscritos das MOTOS, QUADS, SSV e HOBBY<\/a><\/h3><\/div><div class=\"gutentor-entry-meta gutentor-entry-meta-primary\"><div class=\"posted-on\"><i class=\"far fa-calendar-alt\"><\/i><a href=\"https:\/\/cpka.pt\/bajattmontesalentejanos\/2026\/02\/21\/lista-de-inscritos-das-motos-quads-ssv-e-hobby\/\" rel=\"bookmark\">21 de Fevereiro, 2026<\/a><\/div><\/div><div class=\"gutentor-post-desc\">Conhe\u00e7a os inscritos das Motos, QUADS, SSV e HOBBY da Baja TT Montes Alentejanos 2026.\n\n\n\n\/\/\/ LISTA &hellip;<\/div><\/div><\/article><\/div><\/div><\/section>\n\n\n<div id=\"section-g1c7d25\" class=\"wp-block-gutentor-e17 section-g1c7d25 gutentor-element gutentor-post-footer\"><div class=\"grid-container\"><div class=\"grid-row\">\n<div id=\"col-gmbf967b\" class=\"wp-block-gutentor-e15 gutentor-single-column  grid-lg-12 grid-md-12 grid-12\"><div id=\"section-gmbf967b\" class=\"section-gmbf967b gutentor-col-wrap\">\n<div id=\"section-gb9003c\" class=\"wp-block-gutentor-e12 section-gb9003c gutentor-element gutentor-element-pagination text-align-center-mobile\"><div class=\"gutentor-pagination-wrap\" data-maxnumpages=\"11\"><ul class=\"gutentor-pagination\"><li class=\"gutentor-pagination-item gutentor-pagination-prev\"><a class=\"gutentor-pagination-link gutentor-disabled\" href=\"#\"><i class=\"fas fa-chevron-left\"><\/i>Previous<\/a><\/li><li class=\"gutentor-pagination-item gutentor-pagination-active\" data-gpage=\"1\"><a class=\"gutentor-pagination-link\" href=\"#\">1<\/a><\/li><li class=\"gutentor-pagination-item\"><a class=\"gutentor-pagination-link\" href=\"#\" data-gpage=\"2\">2<\/a><\/li><li class=\"gutentor-pagination-item\"><a class=\"gutentor-pagination-link\" href=\"#\" data-gpage=\"3\">3<\/a><\/li><li class=\"gutentor-pagination-item\"><a class=\"gutentor-pagination-link\" href=\"#\" data-gpage=\"4\">4<\/a><\/li><li class=\"gutentor-pagination-item gutentor-pagination-dots\"><a class=\"gutentor-pagination-link\" href=\"#\">&#8230;<\/a><\/li><li class=\"gutentor-pagination-item\"><a class=\"gutentor-pagination-link\" href=\"#\" data-gpage=\"11\">11<\/a><\/li><li class=\"gutentor-pagination-item gutentor-pagination-next\"><a class=\"gutentor-pagination-link\" href=\"#\" data-gpage=\"2\">Next<i class=\"fas fa-chevron-right\"><\/i><\/a><\/li><\/ul><\/div><\/div>\n<\/div><\/div>\n<\/div><\/div><\/div>\n<\/section>\n","protected":false},"excerpt":{"rendered":"","protected":false},"author":1,"featured_media":0,"parent":0,"menu_order":0,"comment_status":"closed","ping_status":"closed","template":"","meta":{"advgb_blocks_editor_width":"","advgb_blocks_columns_visual_guide":"","ngg_post_thumbnail":0,"footnotes":""},"class_list":["post-493","page","type-page","status-publish","hentry"],"rise-blocks_excerpt":"","aioseo_notices":[],"coauthors":[],"author_meta":{"author_link":"https:\/\/cpka.pt\/bajattmontesalentejanos\/author\/admin\/","display_name":"admin"},"relative_dates":{"created":"Posted 5 anos ago","modified":"Updated 1 ano ago"},"absolute_dates":{"created":"Posted on 16 de Dezembro, 2020","modified":"Updated on 5 de Fevereiro, 2025"},"absolute_dates_time":{"created":"Posted on 16 de Dezembro, 2020 10:36","modified":"Updated on 5 de Fevereiro, 2025 11:58"},"featured_img_caption":"","featured_img":false,"series_order":"","_links":{"self":[{"href":"https:\/\/cpka.pt\/bajattmontesalentejanos\/wp-json\/wp\/v2\/pages\/493","targetHints":{"allow":["GET"]}}],"collection":[{"href":"https:\/\/cpka.pt\/bajattmontesalentejanos\/wp-json\/wp\/v2\/pages"}],"about":[{"href":"https:\/\/cpka.pt\/bajattmontesalentejanos\/wp-json\/wp\/v2\/types\/page"}],"author":[{"embeddable":true,"href":"https:\/\/cpka.pt\/bajattmontesalentejanos\/wp-json\/wp\/v2\/users\/1"}],"replies":[{"embeddable":true,"href":"https:\/\/cpka.pt\/bajattmontesalentejanos\/wp-json\/wp\/v2\/comments?post=493"}],"version-history":[{"count":5,"href":"https:\/\/cpka.pt\/bajattmontesalentejanos\/wp-json\/wp\/v2\/pages\/493\/revisions"}],"predecessor-version":[{"id":2983,"href":"https:\/\/cpka.pt\/bajattmontesalentejanos\/wp-json\/wp\/v2\/pages\/493\/revisions\/2983"}],"wp:attachment":[{"href":"https:\/\/cpka.pt\/bajattmontesalentejanos\/wp-json\/wp\/v2\/media?parent=493"}],"curies":[{"name":"wp","href":"https:\/\/api.w.org\/{rel}","templated":true}]}}