{"id":306,"date":"2022-10-21T10:19:27","date_gmt":"2022-10-21T10:19:27","guid":{"rendered":"https:\/\/cpka.pt\/ecorallydelisboa\/?page_id=306"},"modified":"2023-10-18T15:17:57","modified_gmt":"2023-10-18T15:17:57","slug":"road-book-do-troco-de-afericao","status":"publish","type":"page","link":"https:\/\/cpka.pt\/ecorallydelisboa\/road-book-do-troco-de-afericao\/","title":{"rendered":"ROAD BOOK DO TRO\u00c7O DE AFERI\u00c7\u00c3O"},"content":{"rendered":"\n<figure class=\"wp-block-embed-pdf-viewer-pdf wp-block-embed-pdf-viewer-pdf__content-wrapper aligncenter\"><object class=\"embed-pdf-viewer\" data=\"https:\/\/cpka.pt\/ecorallydelisboa\/wp-content\/uploads\/2023\/10\/Caderno-Road-Book-Afericao.pdf#scrollbar=1&amp;toolbar=1\" type=\"application\/pdf\" height=\"800\" width=\"2000\" title=\"\"><\/object><iframe loading=\"lazy\" class=\"embed-pdf-viewer\" src=\"https:\/\/docs.google.com\/viewer?url=https%3A%2F%2Fcpka.pt%2Fecorallydelisboa%2Fwp-content%2Fuploads%2F2023%2F10%2FCaderno-Road-Book-Afericao.pdf&amp;embedded=true\" frameborder=\"0\" height=\"800\" width=\"2000\" title=\"\"><\/iframe><\/figure>\n","protected":false},"excerpt":{"rendered":"","protected":false},"author":1,"featured_media":0,"parent":0,"menu_order":0,"comment_status":"closed","ping_status":"closed","template":"template\/fullwidth.php","meta":{"ngg_post_thumbnail":0,"footnotes":""},"class_list":["post-306","page","type-page","status-publish","hentry"],"_links":{"self":[{"href":"https:\/\/cpka.pt\/ecorallydelisboa\/wp-json\/wp\/v2\/pages\/306","targetHints":{"allow":["GET"]}}],"collection":[{"href":"https:\/\/cpka.pt\/ecorallydelisboa\/wp-json\/wp\/v2\/pages"}],"about":[{"href":"https:\/\/cpka.pt\/ecorallydelisboa\/wp-json\/wp\/v2\/types\/page"}],"author":[{"embeddable":true,"href":"https:\/\/cpka.pt\/ecorallydelisboa\/wp-json\/wp\/v2\/users\/1"}],"replies":[{"embeddable":true,"href":"https:\/\/cpka.pt\/ecorallydelisboa\/wp-json\/wp\/v2\/comments?post=306"}],"version-history":[{"count":4,"href":"https:\/\/cpka.pt\/ecorallydelisboa\/wp-json\/wp\/v2\/pages\/306\/revisions"}],"predecessor-version":[{"id":845,"href":"https:\/\/cpka.pt\/ecorallydelisboa\/wp-json\/wp\/v2\/pages\/306\/revisions\/845"}],"wp:attachment":[{"href":"https:\/\/cpka.pt\/ecorallydelisboa\/wp-json\/wp\/v2\/media?parent=306"}],"curies":[{"name":"wp","href":"https:\/\/api.w.org\/{rel}","templated":true}]}}