{"id":259,"date":"2020-09-08T15:45:45","date_gmt":"2020-09-08T15:45:45","guid":{"rendered":"https:\/\/itstime.pt\/cpka\/rallydelisboa\/?page_id=259"},"modified":"2025-10-24T14:40:29","modified_gmt":"2025-10-24T14:40:29","slug":"mapageral","status":"publish","type":"page","link":"https:\/\/cpka.pt\/rallydelisboa\/mapageral\/","title":{"rendered":"Localiza\u00e7\u00e3o Geogr\u00e1fica"},"content":{"rendered":"<div class=\"wp-block-image\">\n<figure class=\"aligncenter size-large\"><img loading=\"lazy\" decoding=\"async\" width=\"1024\" height=\"720\" src=\"https:\/\/cpka.pt\/rallydelisboa\/wp-content\/uploads\/sites\/2\/2025\/10\/mapa-geral-2025-1024x720.jpg\" alt=\"\" class=\"wp-image-3436\" srcset=\"https:\/\/cpka.pt\/rallydelisboa\/wp-content\/uploads\/sites\/2\/2025\/10\/mapa-geral-2025-1024x720.jpg 1024w, https:\/\/cpka.pt\/rallydelisboa\/wp-content\/uploads\/sites\/2\/2025\/10\/mapa-geral-2025-300x211.jpg 300w, https:\/\/cpka.pt\/rallydelisboa\/wp-content\/uploads\/sites\/2\/2025\/10\/mapa-geral-2025-768x540.jpg 768w, https:\/\/cpka.pt\/rallydelisboa\/wp-content\/uploads\/sites\/2\/2025\/10\/mapa-geral-2025-1536x1080.jpg 1536w, https:\/\/cpka.pt\/rallydelisboa\/wp-content\/uploads\/sites\/2\/2025\/10\/mapa-geral-2025.jpg 2048w\" sizes=\"auto, (max-width: 1024px) 100vw, 1024px\" \/><\/figure><\/div>","protected":false},"excerpt":{"rendered":"","protected":false},"author":1,"featured_media":0,"parent":0,"menu_order":0,"comment_status":"closed","ping_status":"closed","template":"","meta":{"advgb_blocks_editor_width":"","advgb_blocks_columns_visual_guide":"","ngg_post_thumbnail":0,"footnotes":""},"class_list":["post-259","page","type-page","status-publish","hentry"],"rise-blocks_excerpt":"","coauthors":[],"author_meta":{"author_link":"https:\/\/cpka.pt\/rallydelisboa\/author\/admin\/","display_name":"admin"},"relative_dates":{"created":"Posted 6 anos ago","modified":"Updated 6 meses ago"},"absolute_dates":{"created":"Posted on 8 de Setembro, 2020","modified":"Updated on 24 de Outubro, 2025"},"absolute_dates_time":{"created":"Posted on 8 de Setembro, 2020 15:45","modified":"Updated on 24 de Outubro, 2025 14:40"},"featured_img_caption":"","featured_img":false,"series_order":"","_links":{"self":[{"href":"https:\/\/cpka.pt\/rallydelisboa\/wp-json\/wp\/v2\/pages\/259","targetHints":{"allow":["GET"]}}],"collection":[{"href":"https:\/\/cpka.pt\/rallydelisboa\/wp-json\/wp\/v2\/pages"}],"about":[{"href":"https:\/\/cpka.pt\/rallydelisboa\/wp-json\/wp\/v2\/types\/page"}],"author":[{"embeddable":true,"href":"https:\/\/cpka.pt\/rallydelisboa\/wp-json\/wp\/v2\/users\/1"}],"replies":[{"embeddable":true,"href":"https:\/\/cpka.pt\/rallydelisboa\/wp-json\/wp\/v2\/comments?post=259"}],"version-history":[{"count":14,"href":"https:\/\/cpka.pt\/rallydelisboa\/wp-json\/wp\/v2\/pages\/259\/revisions"}],"predecessor-version":[{"id":3454,"href":"https:\/\/cpka.pt\/rallydelisboa\/wp-json\/wp\/v2\/pages\/259\/revisions\/3454"}],"wp:attachment":[{"href":"https:\/\/cpka.pt\/rallydelisboa\/wp-json\/wp\/v2\/media?parent=259"}],"curies":[{"name":"wp","href":"https:\/\/api.w.org\/{rel}","templated":true}]}}